{"id":168,"date":"2019-09-01T10:57:45","date_gmt":"2019-09-01T08:57:45","guid":{"rendered":"https:\/\/parafiadobieszewo.pl\/?page_id=168"},"modified":"2019-09-01T10:57:45","modified_gmt":"2019-09-01T08:57:45","slug":"kosciol-dobieszewo","status":"publish","type":"page","link":"https:\/\/parafiadobieszewo.pl\/index.php\/kosciol-dobieszewo\/","title":{"rendered":"Ko\u015bci\u00f3\u0142 Dobieszewo"},"content":{"rendered":"<div class=\"rl-gallery-container rl-loading\" id=\"rl-gallery-container-1\" data-gallery_id=\"115\"> <div class=\"rl-gallery rl-basicgrid-gallery \" id=\"rl-gallery-1\" data-gallery_no=\"1\"> <div class=\"rl-gallery-item\"><a href=\"https:\/\/parafiadobieszewo.pl\/wp-content\/uploads\/2019\/09\/0030.jpg\" title=\"\" data-rl_title=\"\" class=\"rl-gallery-link\" data-rl_caption=\"\" data-rel=\"lightbox-gallery-1\"><img loading=\"lazy\" decoding=\"async\" src=\"https:\/\/parafiadobieszewo.pl\/wp-content\/uploads\/2019\/09\/0030-200x300.jpg\" width=\"200\" height=\"300\" alt=\"\"\/><\/a><\/div><div class=\"rl-gallery-item\"><a href=\"https:\/\/parafiadobieszewo.pl\/wp-content\/uploads\/2019\/09\/0001.jpg\" title=\"\" data-rl_title=\"\" class=\"rl-gallery-link\" data-rl_caption=\"\" data-rel=\"lightbox-gallery-1\"><img loading=\"lazy\" decoding=\"async\" src=\"https:\/\/parafiadobieszewo.pl\/wp-content\/uploads\/2019\/09\/0001-300x200.jpg\" width=\"300\" height=\"200\" alt=\"\"\/><\/a><\/div><div class=\"rl-gallery-item\"><a href=\"https:\/\/parafiadobieszewo.pl\/wp-content\/uploads\/2019\/09\/0003.jpg\" title=\"\" data-rl_title=\"\" class=\"rl-gallery-link\" data-rl_caption=\"\" data-rel=\"lightbox-gallery-1\"><img loading=\"lazy\" decoding=\"async\" src=\"https:\/\/parafiadobieszewo.pl\/wp-content\/uploads\/2019\/09\/0003-200x300.jpg\" width=\"200\" height=\"300\" alt=\"\"\/><\/a><\/div><div class=\"rl-gallery-item\"><a href=\"https:\/\/parafiadobieszewo.pl\/wp-content\/uploads\/2019\/09\/0004.jpg\" title=\"\" data-rl_title=\"\" class=\"rl-gallery-link\" data-rl_caption=\"\" data-rel=\"lightbox-gallery-1\"><img loading=\"lazy\" decoding=\"async\" src=\"https:\/\/parafiadobieszewo.pl\/wp-content\/uploads\/2019\/09\/0004-300x200.jpg\" width=\"300\" height=\"200\" alt=\"\"\/><\/a><\/div><div class=\"rl-gallery-item\"><a href=\"https:\/\/parafiadobieszewo.pl\/wp-content\/uploads\/2019\/09\/0006.jpg\" title=\"\" data-rl_title=\"\" class=\"rl-gallery-link\" data-rl_caption=\"\" data-rel=\"lightbox-gallery-1\"><img loading=\"lazy\" decoding=\"async\" src=\"https:\/\/parafiadobieszewo.pl\/wp-content\/uploads\/2019\/09\/0006-300x200.jpg\" width=\"300\" height=\"200\" alt=\"\"\/><\/a><\/div><div class=\"rl-gallery-item\"><a href=\"https:\/\/parafiadobieszewo.pl\/wp-content\/uploads\/2019\/09\/0007.jpg\" title=\"\" data-rl_title=\"\" class=\"rl-gallery-link\" data-rl_caption=\"\" data-rel=\"lightbox-gallery-1\"><img loading=\"lazy\" decoding=\"async\" src=\"https:\/\/parafiadobieszewo.pl\/wp-content\/uploads\/2019\/09\/0007-200x300.jpg\" width=\"200\" height=\"300\" alt=\"\"\/><\/a><\/div><div class=\"rl-gallery-item\"><a href=\"https:\/\/parafiadobieszewo.pl\/wp-content\/uploads\/2019\/09\/0011.jpg\" title=\"\" data-rl_title=\"\" class=\"rl-gallery-link\" data-rl_caption=\"\" data-rel=\"lightbox-gallery-1\"><img loading=\"lazy\" decoding=\"async\" src=\"https:\/\/parafiadobieszewo.pl\/wp-content\/uploads\/2019\/09\/0011-200x300.jpg\" width=\"200\" height=\"300\" alt=\"\"\/><\/a><\/div><div class=\"rl-gallery-item\"><a href=\"https:\/\/parafiadobieszewo.pl\/wp-content\/uploads\/2019\/09\/0012.jpg\" title=\"\" data-rl_title=\"\" class=\"rl-gallery-link\" data-rl_caption=\"\" data-rel=\"lightbox-gallery-1\"><img loading=\"lazy\" decoding=\"async\" src=\"https:\/\/parafiadobieszewo.pl\/wp-content\/uploads\/2019\/09\/0012-300x200.jpg\" width=\"300\" height=\"200\" alt=\"\"\/><\/a><\/div><div class=\"rl-gallery-item\"><a href=\"https:\/\/parafiadobieszewo.pl\/wp-content\/uploads\/2019\/09\/0013.jpg\" title=\"\" data-rl_title=\"\" class=\"rl-gallery-link\" data-rl_caption=\"\" data-rel=\"lightbox-gallery-1\"><img loading=\"lazy\" decoding=\"async\" src=\"https:\/\/parafiadobieszewo.pl\/wp-content\/uploads\/2019\/09\/0013-300x200.jpg\" width=\"300\" height=\"200\" alt=\"\"\/><\/a><\/div><div class=\"rl-gallery-item\"><a href=\"https:\/\/parafiadobieszewo.pl\/wp-content\/uploads\/2019\/09\/0014.jpg\" title=\"\" data-rl_title=\"\" class=\"rl-gallery-link\" data-rl_caption=\"\" data-rel=\"lightbox-gallery-1\"><img loading=\"lazy\" decoding=\"async\" src=\"https:\/\/parafiadobieszewo.pl\/wp-content\/uploads\/2019\/09\/0014-300x200.jpg\" width=\"300\" height=\"200\" alt=\"\"\/><\/a><\/div><div class=\"rl-gallery-item\"><a href=\"https:\/\/parafiadobieszewo.pl\/wp-content\/uploads\/2019\/09\/0015.jpg\" title=\"\" data-rl_title=\"\" class=\"rl-gallery-link\" data-rl_caption=\"\" data-rel=\"lightbox-gallery-1\"><img loading=\"lazy\" decoding=\"async\" src=\"https:\/\/parafiadobieszewo.pl\/wp-content\/uploads\/2019\/09\/0015-300x200.jpg\" width=\"300\" height=\"200\" alt=\"\"\/><\/a><\/div><div class=\"rl-gallery-item\"><a href=\"https:\/\/parafiadobieszewo.pl\/wp-content\/uploads\/2019\/09\/0017.jpg\" title=\"\" data-rl_title=\"\" class=\"rl-gallery-link\" data-rl_caption=\"\" data-rel=\"lightbox-gallery-1\"><img loading=\"lazy\" decoding=\"async\" src=\"https:\/\/parafiadobieszewo.pl\/wp-content\/uploads\/2019\/09\/0017-300x200.jpg\" width=\"300\" height=\"200\" alt=\"\"\/><\/a><\/div><div class=\"rl-gallery-item\"><a href=\"https:\/\/parafiadobieszewo.pl\/wp-content\/uploads\/2019\/09\/0019.jpg\" title=\"\" data-rl_title=\"\" class=\"rl-gallery-link\" data-rl_caption=\"\" data-rel=\"lightbox-gallery-1\"><img loading=\"lazy\" decoding=\"async\" src=\"https:\/\/parafiadobieszewo.pl\/wp-content\/uploads\/2019\/09\/0019-300x200.jpg\" width=\"300\" height=\"200\" alt=\"\"\/><\/a><\/div><div class=\"rl-gallery-item\"><a href=\"https:\/\/parafiadobieszewo.pl\/wp-content\/uploads\/2019\/09\/0021.jpg\" title=\"\" data-rl_title=\"\" class=\"rl-gallery-link\" data-rl_caption=\"\" data-rel=\"lightbox-gallery-1\"><img loading=\"lazy\" decoding=\"async\" src=\"https:\/\/parafiadobieszewo.pl\/wp-content\/uploads\/2019\/09\/0021-300x200.jpg\" width=\"300\" height=\"200\" alt=\"\"\/><\/a><\/div><div class=\"rl-gallery-item\"><a href=\"https:\/\/parafiadobieszewo.pl\/wp-content\/uploads\/2019\/09\/0022.jpg\" title=\"\" data-rl_title=\"\" class=\"rl-gallery-link\" data-rl_caption=\"\" data-rel=\"lightbox-gallery-1\"><img loading=\"lazy\" decoding=\"async\" src=\"https:\/\/parafiadobieszewo.pl\/wp-content\/uploads\/2019\/09\/0022-200x300.jpg\" width=\"200\" height=\"300\" alt=\"\"\/><\/a><\/div><div class=\"rl-gallery-item\"><a href=\"https:\/\/parafiadobieszewo.pl\/wp-content\/uploads\/2019\/09\/0023.jpg\" title=\"\" data-rl_title=\"\" class=\"rl-gallery-link\" data-rl_caption=\"\" data-rel=\"lightbox-gallery-1\"><img loading=\"lazy\" decoding=\"async\" src=\"https:\/\/parafiadobieszewo.pl\/wp-content\/uploads\/2019\/09\/0023-300x200.jpg\" width=\"300\" height=\"200\" alt=\"\"\/><\/a><\/div><div class=\"rl-gallery-item\"><a href=\"https:\/\/parafiadobieszewo.pl\/wp-content\/uploads\/2019\/09\/0024.jpg\" title=\"\" data-rl_title=\"\" class=\"rl-gallery-link\" data-rl_caption=\"\" data-rel=\"lightbox-gallery-1\"><img loading=\"lazy\" decoding=\"async\" src=\"https:\/\/parafiadobieszewo.pl\/wp-content\/uploads\/2019\/09\/0024-300x200.jpg\" width=\"300\" height=\"200\" alt=\"\"\/><\/a><\/div><div class=\"rl-gallery-item\"><a href=\"https:\/\/parafiadobieszewo.pl\/wp-content\/uploads\/2019\/09\/0025.jpg\" title=\"\" data-rl_title=\"\" class=\"rl-gallery-link\" data-rl_caption=\"\" data-rel=\"lightbox-gallery-1\"><img loading=\"lazy\" decoding=\"async\" src=\"https:\/\/parafiadobieszewo.pl\/wp-content\/uploads\/2019\/09\/0025-300x200.jpg\" width=\"300\" height=\"200\" alt=\"\"\/><\/a><\/div><div class=\"rl-gallery-item\"><a href=\"https:\/\/parafiadobieszewo.pl\/wp-content\/uploads\/2019\/09\/0026.jpg\" title=\"\" data-rl_title=\"\" class=\"rl-gallery-link\" data-rl_caption=\"\" data-rel=\"lightbox-gallery-1\"><img loading=\"lazy\" decoding=\"async\" src=\"https:\/\/parafiadobieszewo.pl\/wp-content\/uploads\/2019\/09\/0026-300x200.jpg\" width=\"300\" height=\"200\" alt=\"\"\/><\/a><\/div><div class=\"rl-gallery-item\"><a href=\"https:\/\/parafiadobieszewo.pl\/wp-content\/uploads\/2019\/09\/0027.jpg\" title=\"\" data-rl_title=\"\" class=\"rl-gallery-link\" data-rl_caption=\"\" data-rel=\"lightbox-gallery-1\"><img loading=\"lazy\" decoding=\"async\" src=\"https:\/\/parafiadobieszewo.pl\/wp-content\/uploads\/2019\/09\/0027-300x200.jpg\" width=\"300\" height=\"200\" alt=\"\"\/><\/a><\/div><div class=\"rl-gallery-item\"><a href=\"https:\/\/parafiadobieszewo.pl\/wp-content\/uploads\/2019\/09\/0050.jpg\" title=\"\" data-rl_title=\"\" class=\"rl-gallery-link\" data-rl_caption=\"\" data-rel=\"lightbox-gallery-1\"><img loading=\"lazy\" decoding=\"async\" src=\"https:\/\/parafiadobieszewo.pl\/wp-content\/uploads\/2019\/09\/0050-300x200.jpg\" width=\"300\" height=\"200\" alt=\"\"\/><\/a><\/div><div class=\"rl-gallery-item\"><a href=\"https:\/\/parafiadobieszewo.pl\/wp-content\/uploads\/2019\/09\/0051.jpg\" title=\"\" data-rl_title=\"\" class=\"rl-gallery-link\" data-rl_caption=\"\" data-rel=\"lightbox-gallery-1\"><img loading=\"lazy\" decoding=\"async\" src=\"https:\/\/parafiadobieszewo.pl\/wp-content\/uploads\/2019\/09\/0051-200x300.jpg\" width=\"200\" height=\"300\" alt=\"\"\/><\/a><\/div><div class=\"rl-gallery-item\"><a href=\"https:\/\/parafiadobieszewo.pl\/wp-content\/uploads\/2019\/09\/0052.jpg\" title=\"\" data-rl_title=\"\" class=\"rl-gallery-link\" data-rl_caption=\"\" data-rel=\"lightbox-gallery-1\"><img loading=\"lazy\" decoding=\"async\" src=\"https:\/\/parafiadobieszewo.pl\/wp-content\/uploads\/2019\/09\/0052-200x300.jpg\" width=\"200\" height=\"300\" alt=\"\"\/><\/a><\/div><div class=\"rl-gallery-item\"><a href=\"https:\/\/parafiadobieszewo.pl\/wp-content\/uploads\/2019\/09\/0053.jpg\" title=\"\" data-rl_title=\"\" class=\"rl-gallery-link\" data-rl_caption=\"\" data-rel=\"lightbox-gallery-1\"><img loading=\"lazy\" decoding=\"async\" src=\"https:\/\/parafiadobieszewo.pl\/wp-content\/uploads\/2019\/09\/0053-300x200.jpg\" width=\"300\" height=\"200\" alt=\"\"\/><\/a><\/div><div class=\"rl-gallery-item\"><a href=\"https:\/\/parafiadobieszewo.pl\/wp-content\/uploads\/2019\/09\/0054.jpg\" title=\"\" data-rl_title=\"\" class=\"rl-gallery-link\" data-rl_caption=\"\" data-rel=\"lightbox-gallery-1\"><img loading=\"lazy\" decoding=\"async\" src=\"https:\/\/parafiadobieszewo.pl\/wp-content\/uploads\/2019\/09\/0054-200x300.jpg\" width=\"200\" height=\"300\" alt=\"\"\/><\/a><\/div><div class=\"rl-gallery-item\"><a href=\"https:\/\/parafiadobieszewo.pl\/wp-content\/uploads\/2019\/09\/0056.jpg\" title=\"\" data-rl_title=\"\" class=\"rl-gallery-link\" data-rl_caption=\"\" data-rel=\"lightbox-gallery-1\"><img loading=\"lazy\" decoding=\"async\" src=\"https:\/\/parafiadobieszewo.pl\/wp-content\/uploads\/2019\/09\/0056-300x200.jpg\" width=\"300\" height=\"200\" alt=\"\"\/><\/a><\/div><div class=\"rl-gallery-item\"><a href=\"https:\/\/parafiadobieszewo.pl\/wp-content\/uploads\/2019\/09\/0055.jpg\" title=\"\" data-rl_title=\"\" class=\"rl-gallery-link\" data-rl_caption=\"\" data-rel=\"lightbox-gallery-1\"><img loading=\"lazy\" decoding=\"async\" src=\"https:\/\/parafiadobieszewo.pl\/wp-content\/uploads\/2019\/09\/0055-200x300.jpg\" width=\"200\" height=\"300\" alt=\"\"\/><\/a><\/div><div class=\"rl-gallery-item\"><a href=\"https:\/\/parafiadobieszewo.pl\/wp-content\/uploads\/2019\/09\/0057.jpg\" title=\"\" data-rl_title=\"\" class=\"rl-gallery-link\" data-rl_caption=\"\" data-rel=\"lightbox-gallery-1\"><img loading=\"lazy\" decoding=\"async\" src=\"https:\/\/parafiadobieszewo.pl\/wp-content\/uploads\/2019\/09\/0057-300x200.jpg\" width=\"300\" height=\"200\" alt=\"\"\/><\/a><\/div><div class=\"rl-gallery-item\"><a href=\"https:\/\/parafiadobieszewo.pl\/wp-content\/uploads\/2019\/09\/0058.jpg\" title=\"\" data-rl_title=\"\" class=\"rl-gallery-link\" data-rl_caption=\"\" data-rel=\"lightbox-gallery-1\"><img loading=\"lazy\" decoding=\"async\" src=\"https:\/\/parafiadobieszewo.pl\/wp-content\/uploads\/2019\/09\/0058-300x200.jpg\" width=\"300\" height=\"200\" alt=\"\"\/><\/a><\/div><div class=\"rl-gallery-item\"><a href=\"https:\/\/parafiadobieszewo.pl\/wp-content\/uploads\/2019\/09\/0059.jpg\" title=\"\" data-rl_title=\"\" class=\"rl-gallery-link\" data-rl_caption=\"\" data-rel=\"lightbox-gallery-1\"><img loading=\"lazy\" decoding=\"async\" src=\"https:\/\/parafiadobieszewo.pl\/wp-content\/uploads\/2019\/09\/0059-300x200.jpg\" width=\"300\" height=\"200\" alt=\"\"\/><\/a><\/div><div class=\"rl-gallery-item\"><a href=\"https:\/\/parafiadobieszewo.pl\/wp-content\/uploads\/2019\/09\/0060.jpg\" title=\"\" data-rl_title=\"\" class=\"rl-gallery-link\" data-rl_caption=\"\" data-rel=\"lightbox-gallery-1\"><img loading=\"lazy\" decoding=\"async\" src=\"https:\/\/parafiadobieszewo.pl\/wp-content\/uploads\/2019\/09\/0060-300x200.jpg\" width=\"300\" height=\"200\" alt=\"\"\/><\/a><\/div><div class=\"rl-gallery-item\"><a href=\"https:\/\/parafiadobieszewo.pl\/wp-content\/uploads\/2019\/09\/0061.jpg\" title=\"\" data-rl_title=\"\" class=\"rl-gallery-link\" data-rl_caption=\"\" data-rel=\"lightbox-gallery-1\"><img loading=\"lazy\" decoding=\"async\" src=\"https:\/\/parafiadobieszewo.pl\/wp-content\/uploads\/2019\/09\/0061-300x200.jpg\" width=\"300\" height=\"200\" alt=\"\"\/><\/a><\/div><div class=\"rl-gallery-item\"><a href=\"https:\/\/parafiadobieszewo.pl\/wp-content\/uploads\/2019\/09\/0062.jpg\" title=\"\" data-rl_title=\"\" class=\"rl-gallery-link\" data-rl_caption=\"\" data-rel=\"lightbox-gallery-1\"><img loading=\"lazy\" decoding=\"async\" src=\"https:\/\/parafiadobieszewo.pl\/wp-content\/uploads\/2019\/09\/0062-200x300.jpg\" width=\"200\" height=\"300\" alt=\"\"\/><\/a><\/div><div class=\"rl-gallery-item\"><a href=\"https:\/\/parafiadobieszewo.pl\/wp-content\/uploads\/2019\/09\/0063.jpg\" title=\"\" data-rl_title=\"\" class=\"rl-gallery-link\" data-rl_caption=\"\" data-rel=\"lightbox-gallery-1\"><img loading=\"lazy\" decoding=\"async\" src=\"https:\/\/parafiadobieszewo.pl\/wp-content\/uploads\/2019\/09\/0063-200x300.jpg\" width=\"200\" height=\"300\" alt=\"\"\/><\/a><\/div><div class=\"rl-gallery-item\"><a href=\"https:\/\/parafiadobieszewo.pl\/wp-content\/uploads\/2019\/09\/0064.jpg\" title=\"\" data-rl_title=\"\" class=\"rl-gallery-link\" data-rl_caption=\"\" data-rel=\"lightbox-gallery-1\"><img loading=\"lazy\" decoding=\"async\" src=\"https:\/\/parafiadobieszewo.pl\/wp-content\/uploads\/2019\/09\/0064-200x300.jpg\" width=\"200\" height=\"300\" alt=\"\"\/><\/a><\/div><div class=\"rl-gallery-item\"><a href=\"https:\/\/parafiadobieszewo.pl\/wp-content\/uploads\/2019\/09\/0065.jpg\" title=\"\" data-rl_title=\"\" class=\"rl-gallery-link\" data-rl_caption=\"\" data-rel=\"lightbox-gallery-1\"><img loading=\"lazy\" decoding=\"async\" src=\"https:\/\/parafiadobieszewo.pl\/wp-content\/uploads\/2019\/09\/0065-300x200.jpg\" width=\"300\" height=\"200\" alt=\"\"\/><\/a><\/div><div class=\"rl-gallery-item\"><a href=\"https:\/\/parafiadobieszewo.pl\/wp-content\/uploads\/2019\/09\/0068.jpg\" title=\"\" data-rl_title=\"\" class=\"rl-gallery-link\" data-rl_caption=\"\" data-rel=\"lightbox-gallery-1\"><img loading=\"lazy\" decoding=\"async\" src=\"https:\/\/parafiadobieszewo.pl\/wp-content\/uploads\/2019\/09\/0068-300x200.jpg\" width=\"300\" height=\"200\" alt=\"\"\/><\/a><\/div> <\/div> <\/div>\n","protected":false},"excerpt":{"rendered":"","protected":false},"author":1,"featured_media":0,"parent":0,"menu_order":0,"comment_status":"closed","ping_status":"closed","template":"","meta":{"footnotes":""},"class_list":["post-168","page","type-page","status-publish","hentry"],"_links":{"self":[{"href":"https:\/\/parafiadobieszewo.pl\/index.php\/wp-json\/wp\/v2\/pages\/168","targetHints":{"allow":["GET"]}}],"collection":[{"href":"https:\/\/parafiadobieszewo.pl\/index.php\/wp-json\/wp\/v2\/pages"}],"about":[{"href":"https:\/\/parafiadobieszewo.pl\/index.php\/wp-json\/wp\/v2\/types\/page"}],"author":[{"embeddable":true,"href":"https:\/\/parafiadobieszewo.pl\/index.php\/wp-json\/wp\/v2\/users\/1"}],"replies":[{"embeddable":true,"href":"https:\/\/parafiadobieszewo.pl\/index.php\/wp-json\/wp\/v2\/comments?post=168"}],"version-history":[{"count":1,"href":"https:\/\/parafiadobieszewo.pl\/index.php\/wp-json\/wp\/v2\/pages\/168\/revisions"}],"predecessor-version":[{"id":169,"href":"https:\/\/parafiadobieszewo.pl\/index.php\/wp-json\/wp\/v2\/pages\/168\/revisions\/169"}],"wp:attachment":[{"href":"https:\/\/parafiadobieszewo.pl\/index.php\/wp-json\/wp\/v2\/media?parent=168"}],"curies":[{"name":"wp","href":"https:\/\/api.w.org\/{rel}","templated":true}]}}