{"id":253,"date":"2019-09-13T07:30:01","date_gmt":"2019-09-13T05:30:01","guid":{"rendered":"https:\/\/parafiadobieszewo.pl\/?page_id=253"},"modified":"2023-08-12T23:24:12","modified_gmt":"2023-08-12T21:24:12","slug":"intencje","status":"publish","type":"page","link":"https:\/\/parafiadobieszewo.pl\/index.php\/intencje\/","title":{"rendered":"Intencje mszalne"},"content":{"rendered":"\n<p><strong>INTENCJE 01.08.2023<\/strong> <strong>-13.08.2023<\/strong><\/p>\n\n\n\n<p><strong>Wtorek 01.08.2023 &#8211; \u015aw. Alfonsa Marii Liguoriego biskupa<\/strong><br><strong>18:00 <\/strong>\u2013 dzi\u0119kczynna za odebrane \u0142aski z pro\u015bb\u0105 o Bo\u017ce b\u0142ogos\u0142awie\u0144stwo i opiek\u0119 Matki Bo\u017cej w dniu urodzin dla Waldka<\/p>\n\n\n\n<p><strong>\u015aroda 02.08.2023<\/strong><br><strong>9:00<\/strong> \u2013 w intencji Panu Bogu wiadomej<\/p>\n\n\n\n<p><strong>Czwartek 03.08.2023<\/strong><br><strong>22:00<\/strong> \u2013 za \u015bp. zmar\u0142ych z rodziny Nowak i zmar\u0142ych z rodziny B\u0105k oraz za dusze w czy\u015b\u0107cu cierpi\u0105ce<\/p>\n\n\n\n<p><strong>Pi\u0105tek 04.08.2023 &#8211; \u015aw. Jana Marii Vianeya<\/strong><br><strong>16:00<\/strong> \u2013 dzi\u0119kczynna za odebrane \u0142aski z pro\u015bb\u0105 o Bo\u017ce b\u0142ogos\u0142awie\u0144stwo i opiek\u0119 Matki Bo\u017cej dla ks. proboszcza \/<strong>filia Warblewo<\/strong>\/<br><strong>18:30<\/strong> \u2013 za \u015bp. zmar\u0142ych z rodziny Dr\u0105\u017ck\u00f3w i Gula<\/p>\n\n\n\n<p><strong>Sobota 05.08.2023<\/strong><br><strong>18:00 <\/strong>\u2013 Nabo\u017ce\u0144stwo wynagradzaj\u0105ce Niepokalanemu Sercu Maryi<br><strong>18:45<\/strong> \u2013 Msza \u015bw. wynagradzaj\u0105ca Niepokalanemu Sercu Maryi<\/p>\n\n\n\n<p><strong>NIEDZIELA PRZEMIENIENIE PA\u0143SKIE &#8211; 06.08.2023<\/strong><br><strong>9:00<\/strong> \u2013 za \u015bp. Mariana Dudka w 2 r. \u015bm<br><strong>10:30<\/strong> \u2013 za \u015bp. Juli\u0119 w 12 r. \u015bm \/<strong>filia Warblewo<\/strong>\/<br><strong>12:00<\/strong> \u2013 za \u015bp. Antoni Lublewski i \u015bp. Aniela Lublewska, Kazimiera Makowska oraz \u015bp. W\u0142adys\u0142aw<\/p>\n\n\n\n<p><strong>Poniedzia\u0142ek 07.08.2023<\/strong><br><strong>19:00<\/strong> \u2013 dzi\u0119kczynna w 24 r. \u015blubu Adama i Anny z pro\u015bb\u0105 o Bo\u017ce b\u0142og i opiek\u0119 Matki Bo\u017cej dla jubilat\u00f3w i ich rodziny<\/p>\n\n\n\n<p><strong>Wtorek 08.08.2023 &#8211; \u015aw. Dominika, prezbitera<\/strong><br><strong>19:00<\/strong> \u2013 za \u015bp. Barbar\u0119 w 8 r. \u015bm i \u015bp. Mariana<\/p>\n\n\n\n<p><strong>\u015aroda 09.08.2023<\/strong><br><strong>19:00<\/strong> \u2013 za \u015bp. Leszka Jankowskiego w 20 r. \u015bm i za zmar\u0142ych z rodziny Jankowskich i R\u0119bas<\/p>\n\n\n\n<p><strong>Czwartek 10.08.2023 &#8211; \u015aw. Wawrzy\u0144ca, diakona i m\u0119czennika, \u015bwi\u0119to<\/strong><br><strong>22:00 <\/strong>\u2013 dzi\u0119kczynna za odebrane \u0142aski z okazji 30 r. \u015blubu Haliny i S\u0142awomira z pro\u015bb\u0105 aby Pan Jezus i Maryja udzielili im oraz ich bliskim tego czego najbardziej potrzebuj\u0105 \u2013 Maryjo Ty si\u0119 tym zajmij \u2013 Jezu Ty si\u0119 tym zajmij<\/p>\n\n\n\n<p><strong>Pi\u0105tek 11.08.2023 &#8211; \u015aw. Klary, dziewicy, wspomnienie obowi\u0105zkowe<\/strong><br><strong>19:00<\/strong> \u2013 dzi\u0119kczynna za odebrane \u0142aski z pro\u015bb\u0105 o Bo\u017ce b\u0142ogos\u0142awie\u0144stwo i opiek\u0119 Matki Bo\u017cej dla Klary i Karoliny<\/p>\n\n\n\n<p><strong>Sobota 12.08.2023<\/strong><br><strong>18:00<\/strong> \u2013 za \u015bp. Helen\u0119 G\u00f3ra w 1 r. \u015bm (po Mszy \u015bw. Nabo\u017ce\u0144stwo R\u00f3\u017ca\u0144ca \u015aw. i P\u0142aszcza Matki Bo\u017cej z Guadalupe)<\/p>\n\n\n\n<p><strong>XIX NIEDZIELA ZWYK\u0141A &#8211; 13.08.2023<\/strong><br><strong>9:00<\/strong> \u2013 za \u015bp. Olg\u0119, Wac\u0142awa i J\u00f3zefa \u0141ykus<br><strong>10:30<\/strong> \u2013 za \u015bp. Izydor w 3 r. \u015bm \/filia Warblewo\/<br><strong>12:00<\/strong> \u2013 za \u015bp. Gerard Ko\u0142pi\u0144ski w 3 r. \u015bm<\/p>\n\n\n\n<p><strong>Poniedzia\u0142ek 14.08.2023<\/strong><br><strong>18:00<\/strong> \u2013 za \u015bp. Tadeusz \u0141ukasiewicz w 1 r. \u015bm<\/p>\n\n\n\n<p><strong>Wtorek 15.08.2023 &#8211; Wniebowzi\u0119cie Naj\u015bwi\u0119tszej Maryi Panny, uroczysto\u015b\u0107<\/strong><br><strong>9:00<\/strong> \u2013 za \u015bp. Mariana Kie\u0142pi\u0144skiego i za \u015bp. rodzic\u00f3w<br><strong>10:30<\/strong> \u2013 za \u015bp. Andrzej Konradt \u2013 intencja od \u017cony (Warblewo)<br><strong>12:00<\/strong> \u2013 za \u015bp. Monik\u0119 Rogala i zmar\u0142ych z rodziny Rogala<\/p>\n\n\n\n<p><strong>\u015aroda 16.08.2023<\/strong><br><strong>8:00<\/strong> \u2013 za \u015bp. babci\u0119 i \u015bp. dziadk\u00f3w<\/p>\n\n\n\n<p><strong>Czwartek 17.08.2023 &#8211; \u015aw. Jacka, prezbitera, wspomnienie obowi\u0105zkowe<\/strong><br><strong>8:00<\/strong> \u2013 o wype\u0142nienie woli Bo\u017cej dla Krzysztofa i opiek\u0119 Matki Bo\u017cej<\/p>\n\n\n\n<p><strong>Pi\u0105tek 18.08.2023<\/strong><br><strong>18:00<\/strong> \u2013 za \u015bp. Henryk Czekaj<\/p>\n\n\n\n<p><strong>Sobota 19.08.2023<\/strong><br><strong>16:00<\/strong> \u2013 Msza \u015bw. \u015blubna<\/p>\n\n\n\n<p><strong>XX NIEDZIELA ZWYK\u0141A &#8211; 20.08.2023<\/strong><br><strong>9:00<\/strong> \u2013 za \u015bp. Zofi\u0119 Cieszy\u0144sk\u0105 w 16 r. \u015bm<br><strong>10:30<\/strong> \u2013 za \u015bp. Janin\u0119 i J\u00f3zefa Arciszewskich \/filia Warblewo\/<br><strong>12:00<\/strong> \u2013 za \u015bp. Jadwig\u0119 i Bronis\u0142awa Dalekich, dziadk\u00f3w z obojga stron i zmar\u0142ych z rodziny Stankiewicz<\/p>\n","protected":false},"excerpt":{"rendered":"<p>INTENCJE 01.08.2023 -13.08.2023 Wtorek 01.08.2023 &#8211; \u015aw. Alfonsa Marii Liguoriego biskupa18:00 \u2013 dzi\u0119kczynna za odebrane \u0142aski z pro\u015bb\u0105 o Bo\u017ce b\u0142ogos\u0142awie\u0144stwo i opiek\u0119 Matki Bo\u017cej w dniu urodzin dla Waldka \u015aroda 02.08.20239:00 \u2013 w intencji Panu Bogu wiadomej Czwartek 03.08.202322:00 \u2013 za \u015bp. zmar\u0142ych z rodziny Nowak i zmar\u0142ych z rodziny B\u0105k oraz za dusze &hellip; <\/p>\n<p class=\"link-more\"><a href=\"https:\/\/parafiadobieszewo.pl\/index.php\/intencje\/\" class=\"more-link\">Czytaj dalej<span class=\"screen-reader-text\"> \u201eIntencje mszalne\u201d<\/span><\/a><\/p>\n","protected":false},"author":1,"featured_media":163,"parent":0,"menu_order":0,"comment_status":"closed","ping_status":"closed","template":"","meta":{"footnotes":""},"class_list":["post-253","page","type-page","status-publish","has-post-thumbnail","hentry"],"_links":{"self":[{"href":"https:\/\/parafiadobieszewo.pl\/index.php\/wp-json\/wp\/v2\/pages\/253","targetHints":{"allow":["GET"]}}],"collection":[{"href":"https:\/\/parafiadobieszewo.pl\/index.php\/wp-json\/wp\/v2\/pages"}],"about":[{"href":"https:\/\/parafiadobieszewo.pl\/index.php\/wp-json\/wp\/v2\/types\/page"}],"author":[{"embeddable":true,"href":"https:\/\/parafiadobieszewo.pl\/index.php\/wp-json\/wp\/v2\/users\/1"}],"replies":[{"embeddable":true,"href":"https:\/\/parafiadobieszewo.pl\/index.php\/wp-json\/wp\/v2\/comments?post=253"}],"version-history":[{"count":381,"href":"https:\/\/parafiadobieszewo.pl\/index.php\/wp-json\/wp\/v2\/pages\/253\/revisions"}],"predecessor-version":[{"id":2888,"href":"https:\/\/parafiadobieszewo.pl\/index.php\/wp-json\/wp\/v2\/pages\/253\/revisions\/2888"}],"wp:featuredmedia":[{"embeddable":true,"href":"https:\/\/parafiadobieszewo.pl\/index.php\/wp-json\/wp\/v2\/media\/163"}],"wp:attachment":[{"href":"https:\/\/parafiadobieszewo.pl\/index.php\/wp-json\/wp\/v2\/media?parent=253"}],"curies":[{"name":"wp","href":"https:\/\/api.w.org\/{rel}","templated":true}]}}