{"id":2946,"date":"2024-07-03T17:16:41","date_gmt":"2024-07-03T15:16:41","guid":{"rendered":"https:\/\/parafiadobieszewo.pl\/?page_id=2946"},"modified":"2024-07-06T20:15:14","modified_gmt":"2024-07-06T18:15:14","slug":"ochrona-dzieci-i-mlodziezy","status":"publish","type":"page","link":"https:\/\/parafiadobieszewo.pl\/index.php\/ochrona-dzieci-i-mlodziezy\/","title":{"rendered":"Ochrona dzieci i m\u0142odzie\u017cy"},"content":{"rendered":"\n<p>Standardy ochrony ma\u0142oletnich w parafii<\/p>\n\n\n\n<figure class=\"wp-block-image size-large\"><img loading=\"lazy\" decoding=\"async\" width=\"1024\" height=\"724\" src=\"https:\/\/parafiadobieszewo.pl\/wp-content\/uploads\/2024\/07\/5_Standardy_Ochrony_Dzieci_propozycja-grafiki-2-1024x724.png\" alt=\"\" class=\"wp-image-2947\" srcset=\"https:\/\/parafiadobieszewo.pl\/wp-content\/uploads\/2024\/07\/5_Standardy_Ochrony_Dzieci_propozycja-grafiki-2-1024x724.png 1024w, https:\/\/parafiadobieszewo.pl\/wp-content\/uploads\/2024\/07\/5_Standardy_Ochrony_Dzieci_propozycja-grafiki-2-300x212.png 300w, https:\/\/parafiadobieszewo.pl\/wp-content\/uploads\/2024\/07\/5_Standardy_Ochrony_Dzieci_propozycja-grafiki-2-768x543.png 768w, https:\/\/parafiadobieszewo.pl\/wp-content\/uploads\/2024\/07\/5_Standardy_Ochrony_Dzieci_propozycja-grafiki-2-1536x1086.png 1536w, https:\/\/parafiadobieszewo.pl\/wp-content\/uploads\/2024\/07\/5_Standardy_Ochrony_Dzieci_propozycja-grafiki-2.png 2000w\" sizes=\"auto, (max-width: 767px) 89vw, (max-width: 1000px) 54vw, (max-width: 1071px) 543px, 580px\" \/><\/figure>\n\n\n\n<h2 class=\"wp-block-heading\">Bezpieczne Zasady Kontaktu<\/h2>\n\n\n\n<ul class=\"wp-block-list\">\n<li>Wybieraj oficjalne, og\u00f3lnodost\u0119pne i przygotowane miejsca do spotka\u0144. Sakrament pokuty i pojednania oraz spotkania modlitewne lub duchowe powinny odbywa\u0107 si\u0119 tylko w specjalnie do tego wyznaczonych miejscach, takich jak konfesjona\u0142, kaplica lub biuro parafialne.<\/li>\n\n\n\n<li>Unikaj przebywania z doros\u0142ym w odizolowanych warunkach.<\/li>\n\n\n\n<li>Nie przebywaj w parafialnych pomieszczeniach mieszkalnych bez opieki rodzica lub opiekuna prawnego.<\/li>\n\n\n\n<li>Pozostawaj zawsze pod opiek\u0105 osoby doros\u0142ej.<\/li>\n\n\n\n<li>Nie b\u0105d\u017a pod wy\u0142\u0105czn\u0105 opiek\u0105 innego dziecka.<\/li>\n\n\n\n<li>Nie podr\u00f3\u017cuj prywatnymi samochodami bez zgody rodzic\u00f3w lub opiekun\u00f3w.<\/li>\n\n\n\n<li>Nie przechod\u017a na \u201ety\u201d z doros\u0142ym.<\/li>\n\n\n\n<li>Pami\u0119taj, \u017ce stosowanie przemocy fizycznej i psychicznej wobec Ciebie jest zakazane.<\/li>\n<\/ul>\n\n\n\n<h2 class=\"wp-block-heading\">&nbsp;Bezpieczne Wyjazdy<\/h2>\n\n\n\n<ul class=\"wp-block-list\">\n<li>Organizacja spotka\u0144\n<ul class=\"wp-block-list\">\n<li>Twoi rodzice zawsze musz\u0105 wiedzie\u0107, kiedy b\u0119d\u0105 spotkania.<\/li>\n\n\n\n<li>Rodzice musz\u0105 zawsze wyrazi\u0107 pisemn\u0105 zgod\u0119 na Tw\u00f3j udzia\u0142.<\/li>\n\n\n\n<li>Twoi rodzice musz\u0105 pozna\u0107 okre\u015blone zasady odbioru i komunikacji elektronicznej.<\/li>\n\n\n\n<li>Podczas wyjazdu rodzice lub opiekunowie maj\u0105 prawo do kontaktu z Tob\u0105 lub opiekunem.<\/li>\n<\/ul>\n<\/li>\n<\/ul>\n\n\n\n<h2 class=\"wp-block-heading\">Bezpieczny Kontakt W \u015arodowisku Cyfrowym<\/h2>\n\n\n\n<ul class=\"wp-block-list\">\n<li>Korzystanie z komunikator\u00f3w i e-maili:\n<ul class=\"wp-block-list\">\n<li>Pami\u0119taj, \u017ce nie jeste\u015b anonimowy. Uwa\u017caj, co piszesz w internecie.<\/li>\n\n\n\n<li>Doro\u015bli nie powinni wysy\u0142a\u0107 Ci wiadomo\u015bci po godzinie 22:00. Wyj\u0105tkiem&nbsp;jest sytuacja, gdy wiadomo\u015b\u0107 jest wysy\u0142ana do ca\u0142ej grupy i rodzice lub opiekunowie wyrazili na to zgod\u0119.<\/li>\n<\/ul>\n<\/li>\n\n\n\n<li>Bezpieczny dost\u0119p do Internetu:\n<ul class=\"wp-block-list\">\n<li>Parafie, kt\u00f3re udost\u0119pniaj\u0105 Internet, musz\u0105 stosowa\u0107 \u015brodki bezpiecze\u0144stwa, kt\u00f3re blokuj\u0105 dost\u0119p do nieodpowiednich tre\u015bci.<\/li>\n\n\n\n<li>Dzi\u0119ki tym zabezpieczeniom, korzystanie Internetu b\u0119dzie dla Ciebie bezpieczne i odpowiednie do Twojego wieku.<\/li>\n<\/ul>\n<\/li>\n<\/ul>\n\n\n\n<p><strong>Pami\u0119tajcie!<\/strong><\/p>\n\n\n\n<ul class=\"wp-block-list\">\n<li><strong>Bezpiecze\u0144stwo:<\/strong>&nbsp;Wasze bezpiecze\u0144stwo jest najwa\u017cniejsze. Zawsze informujcie rodzic\u00f3w lub opiekun\u00f3w, gdzie si\u0119 znajdujecie i co robicie.<\/li>\n\n\n\n<li><strong>Szacunek:<\/strong>&nbsp;W ka\u017cdej sytuacji pami\u0119tajcie o szacunku dla siebie nawzajem i dla os\u00f3b starszych.<\/li>\n\n\n\n<li><strong>Zaufanie:<\/strong>&nbsp;Je\u015bli co\u015b Was niepokoi, zawsze mo\u017cecie porozmawia\u0107 z rodzicami, opiekunami lub duchownym, kt\u00f3remu ufacie.<\/li>\n<\/ul>\n\n\n\n<p><strong>Poni\u017cej Znajdziesz Wykaz Numer\u00f3w Telefon\u00f3w, Pod Kt\u00f3rymi R\u00f3wnie\u017c Znajdziesz Wsparcie<\/strong><\/p>\n\n\n\n<ul class=\"wp-block-list\">\n<li>800 70 2222 \u2013&nbsp;<strong>wsparcie w kryzysie psychicznym<\/strong>,&nbsp; bezp\u0142atnie, ca\u0142odobowo, 7 dni w tygodniu<\/li>\n\n\n\n<li>116 123 \u2013&nbsp;<strong>wsparcie w kryzysie emocjonalnym<\/strong>, bezp\u0142atnie, ca\u0142odobowo, 7 dni w tygodniu<\/li>\n\n\n\n<li>22 594 91 00 \u2013&nbsp;<strong>wsparcie w depresji,<\/strong>&nbsp;bezp\u0142atnie, \u015brody i czwartki w godz. 17.00-19.00<\/li>\n\n\n\n<li>800 108 108 \u2013&nbsp;<strong>wsparcie dla os\u00f3b w \u017ca\u0142obie i po stracie,<\/strong>&nbsp;bezp\u0142atnie, w dni powszednie w godz. 14.00-20.00<\/li>\n\n\n\n<li>112 \u2013&nbsp;<strong>numer alarmowy,<\/strong>&nbsp;bezp\u0142atnie, ca\u0142odobowo, 7 dni w tygodniu<\/li>\n<\/ul>\n\n\n\n<p><strong>Osoba zaufania w parafii:<\/strong><\/p>\n\n\n\n<p>Pani El\u017cbieta Daleka tel. 571 903 842<\/p>\n\n\n\n<p class=\"has-text-align-left\"><strong><em>W przypadku zauwa\u017cania sygna\u0142\u00f3w krzywdzenia dziecka w \u015brodowisku ko\u015bcielnym &#8211; poza obowi\u0105zkiem wynikaj\u0105cym z prawa pa\u0144stwowego &#8211; nale\u017cy powiadomi\u0107 Delegata Biskupa Pelpli\u0144skiego ds. Ochrony Dzieci i M\u0142odzie\u017cy lub zwr\u00f3ci\u0107 si\u0119 do osoby zaufania w<\/em> parafii. <\/strong><\/p>\n\n\n\n<p><a href=\"https:\/\/diecezja-pelplin.pl\/ochrona-dzieci-i-mlodziezy\/\">Ochrona dzieci i m\u0142odzie\u017cy &#8211; Portal internetowy Diecezji Pelpli\u0144skiej (diecezja-pelplin.pl)<\/a><\/p>\n\n\n\n<figure class=\"wp-block-image size-large\"><img loading=\"lazy\" decoding=\"async\" width=\"1024\" height=\"342\" src=\"https:\/\/parafiadobieszewo.pl\/wp-content\/uploads\/2024\/07\/grafika-prasa-1-1-1024x342.jpg\" alt=\"\" class=\"wp-image-2948\" srcset=\"https:\/\/parafiadobieszewo.pl\/wp-content\/uploads\/2024\/07\/grafika-prasa-1-1-1024x342.jpg 1024w, https:\/\/parafiadobieszewo.pl\/wp-content\/uploads\/2024\/07\/grafika-prasa-1-1-300x100.jpg 300w, https:\/\/parafiadobieszewo.pl\/wp-content\/uploads\/2024\/07\/grafika-prasa-1-1-768x256.jpg 768w, https:\/\/parafiadobieszewo.pl\/wp-content\/uploads\/2024\/07\/grafika-prasa-1-1-1536x513.jpg 1536w, https:\/\/parafiadobieszewo.pl\/wp-content\/uploads\/2024\/07\/grafika-prasa-1-1.jpg 1654w\" sizes=\"auto, (max-width: 767px) 89vw, (max-width: 1000px) 54vw, (max-width: 1071px) 543px, 580px\" \/><\/figure>\n\n\n\n<p><\/p>\n","protected":false},"excerpt":{"rendered":"<p>Standardy ochrony ma\u0142oletnich w parafii Bezpieczne Zasady Kontaktu &nbsp;Bezpieczne Wyjazdy Bezpieczny Kontakt W \u015arodowisku Cyfrowym Pami\u0119tajcie! Poni\u017cej Znajdziesz Wykaz Numer\u00f3w Telefon\u00f3w, Pod Kt\u00f3rymi R\u00f3wnie\u017c Znajdziesz Wsparcie Osoba zaufania w parafii: Pani El\u017cbieta Daleka tel. 571 903 842 W przypadku zauwa\u017cania sygna\u0142\u00f3w krzywdzenia dziecka w \u015brodowisku ko\u015bcielnym &#8211; poza obowi\u0105zkiem wynikaj\u0105cym z prawa pa\u0144stwowego &#8211; nale\u017cy &hellip; <\/p>\n<p class=\"link-more\"><a href=\"https:\/\/parafiadobieszewo.pl\/index.php\/ochrona-dzieci-i-mlodziezy\/\" class=\"more-link\">Czytaj dalej<span class=\"screen-reader-text\"> \u201eOchrona dzieci i m\u0142odzie\u017cy\u201d<\/span><\/a><\/p>\n","protected":false},"author":1,"featured_media":0,"parent":0,"menu_order":0,"comment_status":"closed","ping_status":"closed","template":"","meta":{"footnotes":""},"class_list":["post-2946","page","type-page","status-publish","hentry"],"_links":{"self":[{"href":"https:\/\/parafiadobieszewo.pl\/index.php\/wp-json\/wp\/v2\/pages\/2946","targetHints":{"allow":["GET"]}}],"collection":[{"href":"https:\/\/parafiadobieszewo.pl\/index.php\/wp-json\/wp\/v2\/pages"}],"about":[{"href":"https:\/\/parafiadobieszewo.pl\/index.php\/wp-json\/wp\/v2\/types\/page"}],"author":[{"embeddable":true,"href":"https:\/\/parafiadobieszewo.pl\/index.php\/wp-json\/wp\/v2\/users\/1"}],"replies":[{"embeddable":true,"href":"https:\/\/parafiadobieszewo.pl\/index.php\/wp-json\/wp\/v2\/comments?post=2946"}],"version-history":[{"count":9,"href":"https:\/\/parafiadobieszewo.pl\/index.php\/wp-json\/wp\/v2\/pages\/2946\/revisions"}],"predecessor-version":[{"id":2969,"href":"https:\/\/parafiadobieszewo.pl\/index.php\/wp-json\/wp\/v2\/pages\/2946\/revisions\/2969"}],"wp:attachment":[{"href":"https:\/\/parafiadobieszewo.pl\/index.php\/wp-json\/wp\/v2\/media?parent=2946"}],"curies":[{"name":"wp","href":"https:\/\/api.w.org\/{rel}","templated":true}]}}