{"id":47,"date":"2019-08-17T12:15:09","date_gmt":"2019-08-17T10:15:09","guid":{"rendered":"https:\/\/parafiadobieszewo.pl\/?page_id=47"},"modified":"2023-09-07T21:50:06","modified_gmt":"2023-09-07T19:50:06","slug":"kontakt","status":"publish","type":"page","link":"https:\/\/parafiadobieszewo.pl\/index.php\/kontakt\/","title":{"rendered":"Kontakt"},"content":{"rendered":"<p>Diecezja Pelpli\u0144ska Parafia Rzymskokatolicka p.w. \u015bw. Stanis\u0142awa Biskupa i M\u0119czennika<br \/>Dobieszewo 32<br \/>76-248 D\u0119bica Kaszubska<\/p>\n<p>tel. +48 791 404 096<\/p>\n\n\n<h2 class=\"wp-block-heading\">Ofiary na remont ko\u015bcio\u0142a &#8211; nr konta<\/h2>\n\n\n<h4>68 9315 0004 0060 6622 2000 0010<\/h4>\n<p><span style=\"color: #ff0000;\"><strong>Tytu\u0142em:<\/strong> <span style=\"color: #000000;\">Remont ko\u015bcio\u0142a &#8211; darowizna<\/span><\/span><\/p>\n<h2>Ofiary na inwestycje w parafii &#8211; nr konta<\/h2>\n<h4>04 8324 0001 0000 1690 2000 0010<\/h4>\n<p><span style=\"color: #ff0000;\"><strong>Tytu\u0142em:<\/strong> <span style=\"color: #000000;\">\u00a0Ofiara na inwestycje &#8211; darowizna<\/span><\/span><\/p>\n\n\n<div class=\"wp-block-file\"><a id=\"wp-block-file--media-0e305666-c709-4305-b6e6-beb98c4df405\" href=\"https:\/\/parafiadobieszewo.pl\/wp-content\/uploads\/2019\/09\/Nr_konta_darowizny_dobieszewo.pdf\">Plik do pobrania PDF<\/a><a href=\"https:\/\/parafiadobieszewo.pl\/wp-content\/uploads\/2019\/09\/Nr_konta_darowizny_dobieszewo.pdf\" class=\"wp-block-file__button wp-element-button\" download aria-describedby=\"wp-block-file--media-0e305666-c709-4305-b6e6-beb98c4df405\">Pobierz<\/a><\/div>\n\n\n\n<h2 class=\"wp-block-heading\">Zak\u0142ad Us\u0142ug Pogrzebowych Kalla<\/h2>\n\n\n\n<p>tel. 59&nbsp;842 81 96, 601&nbsp;928&nbsp;600<\/p>\n\n\n\n<p>S\u0142upsk, ul. Armii Krajowej 15<\/p>\n\n\n\n<p>Czynne ca\u0142\u0105 dob\u0119<\/p>\n\n\n\n<p><a href=\"http:\/\/www.kalla.slupsk.pl\/pl\" target=\"_blank\" rel=\"noreferrer noopener\" aria-label=\"www.kalla.slupsk.pl  (otwiera si\u0119 na nowej zak\u0142adce)\">www.kalla.slupsk.pl <\/a><\/p>\n","protected":false},"excerpt":{"rendered":"<p>Diecezja Pelpli\u0144ska Parafia Rzymskokatolicka p.w. \u015bw. Stanis\u0142awa Biskupa i M\u0119czennikaDobieszewo 3276-248 D\u0119bica Kaszubska tel. +48 791 404 096 Ofiary na remont ko\u015bcio\u0142a &#8211; nr konta 68 9315 0004 0060 6622 2000 0010 Tytu\u0142em: Remont ko\u015bcio\u0142a &#8211; darowizna Ofiary na inwestycje w parafii &#8211; nr konta 04 8324 0001 0000 1690 2000 0010 Tytu\u0142em: \u00a0Ofiara na &hellip; <\/p>\n<p class=\"link-more\"><a href=\"https:\/\/parafiadobieszewo.pl\/index.php\/kontakt\/\" class=\"more-link\">Czytaj dalej<span class=\"screen-reader-text\"> \u201eKontakt\u201d<\/span><\/a><\/p>\n","protected":false},"author":1,"featured_media":179,"parent":0,"menu_order":0,"comment_status":"closed","ping_status":"closed","template":"","meta":{"footnotes":""},"class_list":["post-47","page","type-page","status-publish","has-post-thumbnail","hentry"],"_links":{"self":[{"href":"https:\/\/parafiadobieszewo.pl\/index.php\/wp-json\/wp\/v2\/pages\/47","targetHints":{"allow":["GET"]}}],"collection":[{"href":"https:\/\/parafiadobieszewo.pl\/index.php\/wp-json\/wp\/v2\/pages"}],"about":[{"href":"https:\/\/parafiadobieszewo.pl\/index.php\/wp-json\/wp\/v2\/types\/page"}],"author":[{"embeddable":true,"href":"https:\/\/parafiadobieszewo.pl\/index.php\/wp-json\/wp\/v2\/users\/1"}],"replies":[{"embeddable":true,"href":"https:\/\/parafiadobieszewo.pl\/index.php\/wp-json\/wp\/v2\/comments?post=47"}],"version-history":[{"count":14,"href":"https:\/\/parafiadobieszewo.pl\/index.php\/wp-json\/wp\/v2\/pages\/47\/revisions"}],"predecessor-version":[{"id":2951,"href":"https:\/\/parafiadobieszewo.pl\/index.php\/wp-json\/wp\/v2\/pages\/47\/revisions\/2951"}],"wp:featuredmedia":[{"embeddable":true,"href":"https:\/\/parafiadobieszewo.pl\/index.php\/wp-json\/wp\/v2\/media\/179"}],"wp:attachment":[{"href":"https:\/\/parafiadobieszewo.pl\/index.php\/wp-json\/wp\/v2\/media?parent=47"}],"curies":[{"name":"wp","href":"https:\/\/api.w.org\/{rel}","templated":true}]}}